{"id":2340,"date":"2025-01-29T20:51:04","date_gmt":"2025-01-29T20:51:04","guid":{"rendered":"https:\/\/llafrancrentaboat.com\/reserva-online\/"},"modified":"2025-03-13T16:04:58","modified_gmt":"2025-03-13T16:04:58","slug":"reserva-online","status":"publish","type":"page","link":"https:\/\/llafrancrentaboat.com\/es\/reserva-online\/","title":{"rendered":"Reserva Online"},"content":{"rendered":"\t\t<div data-elementor-type=\"wp-page\" data-elementor-id=\"2340\" class=\"elementor elementor-2340 elementor-205\" data-elementor-post-type=\"page\">\n\t\t\t\t<div class=\"elementor-element elementor-element-60bc37c e-flex e-con-boxed e-con e-parent\" data-id=\"60bc37c\" data-element_type=\"container\" data-e-type=\"container\" data-settings=\"{&quot;background_background&quot;:&quot;slideshow&quot;,&quot;background_slideshow_gallery&quot;:[{&quot;id&quot;:1513,&quot;url&quot;:&quot;http:\\\/\\\/llafrancrentaboat.com\\\/wp-content\\\/uploads\\\/2025\\\/03\\\/portada.jpg&quot;}],&quot;background_slideshow_loop&quot;:&quot;yes&quot;,&quot;background_slideshow_slide_duration&quot;:5000,&quot;background_slideshow_slide_transition&quot;:&quot;fade&quot;,&quot;background_slideshow_transition_duration&quot;:500}\">\n\t\t\t\t\t<div class=\"e-con-inner\">\n\t\t\t\t\t<\/div>\n\t\t\t\t<\/div>\n\t\t<div class=\"elementor-element elementor-element-bd7e9b7 e-flex e-con-boxed e-con e-parent\" data-id=\"bd7e9b7\" data-element_type=\"container\" data-e-type=\"container\">\n\t\t\t\t\t<div class=\"e-con-inner\">\n\t\t\t\t<div class=\"elementor-element elementor-element-10dfc378 elementor-widget elementor-widget-heading\" data-id=\"10dfc378\" data-element_type=\"widget\" data-e-type=\"widget\" data-widget_type=\"heading.default\">\n\t\t\t\t<div class=\"elementor-widget-container\">\n\t\t\t\t\t<h2 class=\"elementor-heading-title elementor-size-default\"><a href=\"https:\/\/llafrancrentaboat.com\/es\/\">Inicio<\/a><\/h2>\t\t\t\t<\/div>\n\t\t\t\t<\/div>\n\t\t\t\t<div class=\"elementor-element elementor-element-ccf1b32 elementor-view-default elementor-widget elementor-widget-icon\" data-id=\"ccf1b32\" data-element_type=\"widget\" data-e-type=\"widget\" data-widget_type=\"icon.default\">\n\t\t\t\t<div class=\"elementor-widget-container\">\n\t\t\t\t\t\t\t<div class=\"elementor-icon-wrapper\">\n\t\t\t<div class=\"elementor-icon\">\n\t\t\t<svg aria-hidden=\"true\" class=\"e-font-icon-svg e-fas-chevron-right\" viewBox=\"0 0 320 512\" xmlns=\"http:\/\/www.w3.org\/2000\/svg\"><path d=\"M285.476 272.971L91.132 467.314c-9.373 9.373-24.569 9.373-33.941 0l-22.667-22.667c-9.357-9.357-9.375-24.522-.04-33.901L188.505 256 34.484 101.255c-9.335-9.379-9.317-24.544.04-33.901l22.667-22.667c9.373-9.373 24.569-9.373 33.941 0L285.475 239.03c9.373 9.372 9.373 24.568.001 33.941z\"><\/path><\/svg>\t\t\t<\/div>\n\t\t<\/div>\n\t\t\t\t\t\t<\/div>\n\t\t\t\t<\/div>\n\t\t\t\t<div class=\"elementor-element elementor-element-77ba54d4 elementor-widget elementor-widget-heading\" data-id=\"77ba54d4\" data-element_type=\"widget\" data-e-type=\"widget\" data-widget_type=\"heading.default\">\n\t\t\t\t<div class=\"elementor-widget-container\">\n\t\t\t\t\t<h2 class=\"elementor-heading-title elementor-size-default\">Reserva Online<\/h2>\t\t\t\t<\/div>\n\t\t\t\t<\/div>\n\t\t\t\t\t<\/div>\n\t\t\t\t<\/div>\n\t\t<div class=\"elementor-element elementor-element-bfce93b e-flex e-con-boxed e-con e-parent\" data-id=\"bfce93b\" data-element_type=\"container\" data-e-type=\"container\">\n\t\t\t\t\t<div class=\"e-con-inner\">\n\t\t\t\t<div class=\"elementor-element elementor-element-07697e7 elementor-widget elementor-widget-heading\" data-id=\"07697e7\" data-element_type=\"widget\" data-e-type=\"widget\" data-widget_type=\"heading.default\">\n\t\t\t\t<div class=\"elementor-widget-container\">\n\t\t\t\t\t<h2 class=\"elementor-heading-title elementor-size-default\">RESERVA ONLINE<\/h2>\t\t\t\t<\/div>\n\t\t\t\t<\/div>\n\t\t\t\t<div class=\"elementor-element elementor-element-c07c31a elementor-widget elementor-widget-text-editor\" data-id=\"c07c31a\" data-element_type=\"widget\" data-e-type=\"widget\" data-widget_type=\"text-editor.default\">\n\t\t\t\t<div class=\"elementor-widget-container\">\n\t\t\t\t\t\t\t\t\t<div class=\"text-content\"><p>Esta nueva plataforma le ayudar\u00e1 a reservar m\u00e1s f\u00e1cilmente su embarcaci\u00f3n para este verano. Pod\u00e9is encontrar embarcaciones tanto en <strong>Aiguablava<\/strong> como en <strong>Llafranc<\/strong> . Tenga en cuenta que se puede reservar por medio d\u00eda, siendo de ma\u00f1anas de 09:30 a 13:30 o tardes de 14:00 a 18:00, para todo el d\u00eda, siendo de 10:00 a 18:00 o bien para d\u00edas consecutivos.  <\/p><p>Para cualquier duda puede llamarnos o enviarnos un email.<\/p><\/div>\t\t\t\t\t\t\t\t<\/div>\n\t\t\t\t<\/div>\n\t\t\t\t\t<\/div>\n\t\t\t\t<\/div>\n\t\t<div class=\"elementor-element elementor-element-bcb68f5 e-flex e-con-boxed e-con e-parent\" data-id=\"bcb68f5\" data-element_type=\"container\" data-e-type=\"container\">\n\t\t\t\t\t<div class=\"e-con-inner\">\n\t\t\t\t<div class=\"elementor-element elementor-element-6a1bacc elementor-widget elementor-widget-html\" data-id=\"6a1bacc\" data-element_type=\"widget\" data-e-type=\"widget\" data-widget_type=\"html.default\">\n\t\t\t\t<div class=\"elementor-widget-container\">\n\t\t\t\t\t\t\t\t\t<\/div>\n\t\t\t\t<\/div>\n\t\t\t\t\t<\/div>\n\t\t\t\t<\/div>\n\t\t\t\t<\/div>\n\t\t","protected":false},"excerpt":{"rendered":"<p>Inicio RESERVA ONLINE Esta nueva plataforma le ayudar\u00e1 a reservar m\u00e1s f\u00e1cilmente su embarcaci\u00f3n para este verano. Pod\u00e9is encontrar embarcaciones tanto en Aiguablava como en Llafranc . Tenga en cuenta que se puede reservar por medio d\u00eda, siendo de ma\u00f1anas de 09:30 a 13:30 o tardes de 14:00 a 18:00, para todo el d\u00eda, siendo [&hellip;]<\/p>\n","protected":false},"author":1,"featured_media":0,"parent":0,"menu_order":0,"comment_status":"closed","ping_status":"closed","template":"","meta":{"footnotes":""},"class_list":["post-2340","page","type-page","status-publish","hentry"],"_links":{"self":[{"href":"https:\/\/llafrancrentaboat.com\/es\/wp-json\/wp\/v2\/pages\/2340","targetHints":{"allow":["GET"]}}],"collection":[{"href":"https:\/\/llafrancrentaboat.com\/es\/wp-json\/wp\/v2\/pages"}],"about":[{"href":"https:\/\/llafrancrentaboat.com\/es\/wp-json\/wp\/v2\/types\/page"}],"author":[{"embeddable":true,"href":"https:\/\/llafrancrentaboat.com\/es\/wp-json\/wp\/v2\/users\/1"}],"replies":[{"embeddable":true,"href":"https:\/\/llafrancrentaboat.com\/es\/wp-json\/wp\/v2\/comments?post=2340"}],"version-history":[{"count":2,"href":"https:\/\/llafrancrentaboat.com\/es\/wp-json\/wp\/v2\/pages\/2340\/revisions"}],"predecessor-version":[{"id":2346,"href":"https:\/\/llafrancrentaboat.com\/es\/wp-json\/wp\/v2\/pages\/2340\/revisions\/2346"}],"wp:attachment":[{"href":"https:\/\/llafrancrentaboat.com\/es\/wp-json\/wp\/v2\/media?parent=2340"}],"curies":[{"name":"wp","href":"https:\/\/api.w.org\/{rel}","templated":true}]}}