{"id":2374,"date":"2025-01-29T19:36:27","date_gmt":"2025-01-29T19:36:27","guid":{"rendered":"https:\/\/llafrancrentaboat.com\/politica-de-privacidad-2\/"},"modified":"2025-03-13T15:18:53","modified_gmt":"2025-03-13T15:18:53","slug":"politica-de-privacidad-2","status":"publish","type":"page","link":"https:\/\/llafrancrentaboat.com\/es\/politica-de-privacidad-2\/","title":{"rendered":"Pol\u00edtica de privacidad"},"content":{"rendered":"\t\t<div data-elementor-type=\"wp-page\" data-elementor-id=\"2374\" class=\"elementor elementor-2374 elementor-173\" data-elementor-post-type=\"page\">\n\t\t\t\t<div class=\"elementor-element elementor-element-4142e42 e-flex e-con-boxed e-con e-parent\" data-id=\"4142e42\" data-element_type=\"container\" data-e-type=\"container\">\n\t\t\t\t\t<div class=\"e-con-inner\">\n\t\t\t\t<div class=\"elementor-element elementor-element-0cc15bf elementor-widget elementor-widget-heading\" data-id=\"0cc15bf\" data-element_type=\"widget\" data-e-type=\"widget\" data-widget_type=\"heading.default\">\n\t\t\t\t<div class=\"elementor-widget-container\">\n\t\t\t\t\t<h2 class=\"elementor-heading-title elementor-size-default\">Pol\u00edtica de privacidad<\/h2>\t\t\t\t<\/div>\n\t\t\t\t<\/div>\n\t\t\t\t<div class=\"elementor-element elementor-element-8c11cce elementor-widget elementor-widget-text-editor\" data-id=\"8c11cce\" data-element_type=\"widget\" data-e-type=\"widget\" data-widget_type=\"text-editor.default\">\n\t\t\t\t<div class=\"elementor-widget-container\">\n\t\t\t\t\t\t\t\t\t<p>EL TITULAR se compromete a proteger la privacidad de los usuarios que accedan a esta web y\/o cualquiera de sus servicios. La utilizaci\u00f3n de la web y\/o de cualquiera de los servicios ofrecidos por EL TITULAR, implica la aceptaci\u00f3n por parte del usuario de las disposiciones contenidas en la presente Pol\u00edtica de Privacidad y que sus datos personales sean tratados seg\u00fan se estipula. Por favor, tenga en cuenta que aunque pueda haber enlaces de nuestra web a otras webs, esta Pol\u00edtica de Privacidad no se aplica a las webs de otras compa\u00f1\u00edas u organizaciones a las que la web est\u00e9 redirigida. EL TITULAR no controla el contenido de las webs de terceros ni acepta ning\u00fan tipo de responsabilidad por el contenido o las pol\u00edticas de privacidad de estas webs.   <\/p><h2 class=\"title3 titol \">Informaci\u00f3n sobre el tratamiento de datos (Reglamento (UE) 2016\/679 y LO 3\/2018)<\/h2><ul class=\" \"><li><div class=\"cont\"><p><span class=\"text-bold \">Responsable del tratamiento:<\/span> EL TITULAR. Nuestros datos figuran en el <a href=\"https:\/\/llafrancrentaboat.com\/ca\/avis-legal\/\" target=\"_blank\" rel=\"noopener\">aviso legal<\/a> de esta web. <\/p><\/div><\/li><li><div class=\"cont\"><p><span class=\"text-bold \">Finalidad del tratamiento:<\/span> Ofrecer y gestionar nuestros productos y servicios.<\/p><\/div><\/li><li><div class=\"cont\"><p><span class=\"text-bold \">Legitimaci\u00f3n:<\/span> Consentimiento obtenido del interesado. Ejecuci\u00f3n del contrato de servicios. <\/p><\/div><\/li><li><div class=\"cont\"><p><span class=\"text-bold \">Destinatarios:<\/span> Los datos no ser\u00e1n comunicados a terceros, salvo que lo exija una ley o sea necesario para cumplir con la finalidad del tratamiento.<\/p><\/div><\/li><li><div class=\"cont\"><p><span class=\"text-bold \">Derechos de las personas:<\/span> Los interesados \u200b\u200btienen derecho a ejercer los derechos de acceso, rectificaci\u00f3n, limitaci\u00f3n de tratamiento, supresi\u00f3n, portabilidad y oposici\u00f3n, enviando su solicitud a nuestra direcci\u00f3n.<\/p><\/div><\/li><li><div class=\"cont\"><p><span class=\"text-bold \">Plazo de conservaci\u00f3n de los datos:<\/span> Mientras se mantenga la relaci\u00f3n comercial o durante los a\u00f1os necesarios para cumplir con las obligaciones legales.<\/p><\/div><\/li><li><div class=\"cont\"><p><span class=\"text-bold \">Reclamaci\u00f3n:<\/span> Los interesados \u200b\u200bpueden dirigirse a la AEPD para presentar la reclamaci\u00f3n que considere oportuna.<\/p><\/div><\/li><li><div class=\"cont\"><p><span class=\"text-bold \">Informaci\u00f3n adicional:<\/span> Puede consultar la informaci\u00f3n adicional y detallada a continuaci\u00f3n en las \u201cCuestiones sobre privacidad\u201d.<\/p><\/div><\/li><\/ul><h2 class=\"title3 titol text-uppercase\">Cuestiones sobre privacidad<\/h2><p>En cumplimiento del Reglamento (UE) 2016\/679 del Parlamento Europeo y del Consejo, de 27 de abril de 2016, (RGPD) y la Ley Org\u00e1nica 3\/2018, de 5 de diciembre, de Protecci\u00f3n de Datos Personales y garant\u00eda de los derechos digitales (LOPDGDD), le ofrecemos la siguiente informaci\u00f3n sobre el tratamiento de sus<\/p><h3 class=\"title4 titol \">\u00bfQui\u00e9n es el responsable del tratamiento de sus datos?<\/h3><p>EL TITULAR.<br> Nuestros datos figuran en el <a href=\"https:\/\/llafrancrentaboat.com\/ca\/avis-legal\/\" target=\"_blank\" rel=\"noopener\">aviso legal<\/a> de esta web.<\/p><h3 class=\"title4 titol \">\u00bfCon qu\u00e9 finalidad tratamos sus datos personales?<\/h3><ul class=\" \"><li><div class=\"cont\"><p>Tratamos la informaci\u00f3n que se nos facilita para prestar y facturar nuestros servicios y productos.<\/p><\/div><\/li><li><div class=\"cont\"><p>Si nos da su consentimiento, tambi\u00e9n podremos tratar sus datos para enviarle informaci\u00f3n sobre nuestras actividades, servicios y productos.<\/p><\/div><\/li><li><div class=\"cont\"><p>Si participa en alguno de nuestros sorteos y\/o concursos publicaremos su nombre y apellidos, y su imagen, en los diferentes espacios y medios de comunicaci\u00f3n y difusi\u00f3n que utilizamos, incluidas las redes sociales, con el fin de promocionar nuestras actividades, servicios y productos.<\/p><\/div><\/li><\/ul><h3 class=\"title4 titol \">\u00bfDurante cu\u00e1nto tiempo conservaremos sus datos?<\/h3><p>Los datos personales proporcionados se conservar\u00e1n mientras sea usuario de nuestros servicios o quiera recibir informaci\u00f3n, y si participa en una promoci\u00f3n mientras \u00e9sta est\u00e9 activa, y despu\u00e9s, durante los plazos establecidos para cumplir con nuestras obligaciones legales.<\/p><h3 class=\"title4 titol \">\u00bfCu\u00e1l es la legitimaci\u00f3n para el tratamiento de sus datos?<\/h3><p>La base legal para los tratamientos de sus datos son los consentimientos que nos proporciona.<\/p><p>Respecto a la informaci\u00f3n que nos sea enviada por menores de 14 a\u00f1os, se entender\u00e1 que lo ha sido con el consentimiento de sus representantes legales. Si no es as\u00ed, el representante legal del menor debe comunicarlo tan pronto como tenga conocimiento. <\/p><h3 class=\"title4 titol \">\u00bfA qu\u00e9 destinatarios se comunicar\u00e1n sus datos?<\/h3><p>Los datos no ser\u00e1n comunicados a terceros, salvo que lo exija una ley o sea necesario para cumplir con la finalidad del tratamiento.<\/p><h3 class=\"title4 titol \">\u00bfCu\u00e1les son sus derechos cuando nos facilita sus datos?<\/h3><ul class=\" \"><li><div class=\"cont\"><p>Cualquier persona tiene derecho a obtener confirmaci\u00f3n sobre si estamos tratando o no sus datos personales.<\/p><\/div><\/li><li><div class=\"cont\"><p>Las personas interesadas tienen derecho a acceder a sus datos personales, as\u00ed como a solicitar la rectificaci\u00f3n de los datos inexactos o, en su caso, solicitar su supresi\u00f3n cuando, entre otros motivos, los datos ya no sean necesarios para los fines para los que se recogieron.<\/p><\/div><\/li><li><div class=\"cont\"><p>En determinadas circunstancias los interesados \u200b\u200bpodr\u00e1n solicitar la limitaci\u00f3n del tratamiento de sus datos, en cuyo caso \u00fanicamente los conservaremos para el ejercicio o la defensa de reclamaciones.<\/p><\/div><\/li><li><div class=\"cont\"><p>Tambi\u00e9n, en determinadas circunstancias y por motivos relacionados con su situaci\u00f3n particular, los interesados \u200b\u200bpueden oponerse al tratamiento de sus datos. En este caso dejaremos de tratarlas, salvo por motivos leg\u00edtimos imperiosos o para el ejercicio o defensa de posibles reclamaciones. <\/p><\/div><\/li><li><div class=\"cont\"><p>Los interesados \u200b\u200btambi\u00e9n tendr\u00e1n derecho a la portabilidad de sus datos.<\/p><\/div><\/li><li><div class=\"cont\"><p>Por \u00faltimo, los interesados \u200b\u200btienen derecho a presentar una reclamaci\u00f3n ante la Autoridad de Control competente.<\/p><\/div><\/li><\/ul><h3 class=\"title4 titol \">\u00bfC\u00f3mo puede ejercer sus derechos?<\/h3><p>Envi\u00e1ndonos un escrito adjuntando una copia de un documento que lo identifique, en nuestra direcci\u00f3n f\u00edsica o en la electr\u00f3nica.<\/p><p class=\"title4 titol text-bold \">\u00bfC\u00f3mo hemos obtenido sus datos?<\/p><p>Los datos personales que tratamos proceden del propio interesado, quien garantiza que los datos personales facilitados son ciertos y se hace responsable de comunicar cualquier modificaci\u00f3n. Los datos que est\u00e9n marcados con un asterisco son obligatorios para poder darle el servicio solicitado. <\/p><h3 class=\"title4 titol \">\u00bfQu\u00e9 datos tratamos?<\/h3><p>Las categor\u00edas de datos que podemos tratar son:<\/p><ul class=\" \"><li><div class=\"cont\"><p>Datos de car\u00e1cter identificativo.<\/p><\/div><\/li><li><div class=\"cont\"><p>Direcciones postales o electr\u00f3nicas.<\/p><\/div><\/li><li><div class=\"cont\"><p>Otros datos solicitados en nuestros formularios.<\/p><\/div><\/li><\/ul><p>Los datos son limitados, dado que \u00fanicamente tratamos los datos necesarios para la prestaci\u00f3n de nuestros servicios y la gesti\u00f3n de nuestra actividad.<\/p><h3 class=\"title4 titol \">\u00bfUtilizamos cookies?<\/h3><p>Utilizamos cookies durante la navegaci\u00f3n en nuestra web con el consentimiento informado del usuario. El usuario puede configurar su navegador para que le avise de la utilizaci\u00f3n de cookies y para evitar su uso. Para obtener m\u00e1s informaci\u00f3n visite nuestra <a href=\"https:\/\/llafrancrentaboat.com\/ca\/politica-de-cookies\/\" target=\"_blank\" rel=\"noopener\">pol\u00edtica de cookies<\/a> .  <\/p><h3 class=\"title4 titol \">\u00bfQu\u00e9 medidas de seguridad aplicamos?<\/h3><p>Aplicamos las medidas de seguridad establecidas en el art\u00edculo 32 del RGPD, por tanto hemos adoptado las medidas de seguridad necesarias para garantizar un nivel de seguridad adecuado al riesgo del tratamiento de datos que realizamos, con mecanismos que nos permitan garantizar la confidencialidad, integridad, disponibilidad y resiliencia permanente de los sistemas y servicios de tratamiento.<\/p><p>Algunas de estas medidas son:<\/p><ul class=\" \"><li><div class=\"cont\"><p>Informaci\u00f3n de las pol\u00edticas de tratamiento de datos al personal.<\/p><\/div><\/li><li><div class=\"cont\"><p>Realizaci\u00f3n de copias de seguridad peri\u00f3dicas.<\/p><\/div><\/li><li><div class=\"cont\"><p>Control de acceso a los datos.<\/p><\/div><\/li><li><div class=\"cont\"><p>Procesos de verificaci\u00f3n, evaluaci\u00f3n y valoraci\u00f3n regulares.<\/p><\/div><\/li><\/ul>\t\t\t\t\t\t\t\t<\/div>\n\t\t\t\t<\/div>\n\t\t\t\t\t<\/div>\n\t\t\t\t<\/div>\n\t\t\t\t<\/div>\n\t\t","protected":false},"excerpt":{"rendered":"<p>EL TITULAR se compromete a proteger la privacidad de los usuarios que accedan a esta web y\/o cualquiera de sus servicios. La utilizaci\u00f3n de la web y\/o de cualquiera de los servicios ofrecidos por EL TITULAR, implica la aceptaci\u00f3n por parte del usuario de las disposiciones contenidas en la presente Pol\u00edtica de Privacidad y que [&hellip;]<\/p>\n","protected":false},"author":1,"featured_media":0,"parent":0,"menu_order":0,"comment_status":"closed","ping_status":"closed","template":"","meta":{"footnotes":""},"class_list":["post-2374","page","type-page","status-publish","hentry"],"_links":{"self":[{"href":"https:\/\/llafrancrentaboat.com\/es\/wp-json\/wp\/v2\/pages\/2374","targetHints":{"allow":["GET"]}}],"collection":[{"href":"https:\/\/llafrancrentaboat.com\/es\/wp-json\/wp\/v2\/pages"}],"about":[{"href":"https:\/\/llafrancrentaboat.com\/es\/wp-json\/wp\/v2\/types\/page"}],"author":[{"embeddable":true,"href":"https:\/\/llafrancrentaboat.com\/es\/wp-json\/wp\/v2\/users\/1"}],"replies":[{"embeddable":true,"href":"https:\/\/llafrancrentaboat.com\/es\/wp-json\/wp\/v2\/comments?post=2374"}],"version-history":[{"count":3,"href":"https:\/\/llafrancrentaboat.com\/es\/wp-json\/wp\/v2\/pages\/2374\/revisions"}],"predecessor-version":[{"id":2407,"href":"https:\/\/llafrancrentaboat.com\/es\/wp-json\/wp\/v2\/pages\/2374\/revisions\/2407"}],"wp:attachment":[{"href":"https:\/\/llafrancrentaboat.com\/es\/wp-json\/wp\/v2\/media?parent=2374"}],"curies":[{"name":"wp","href":"https:\/\/api.w.org\/{rel}","templated":true}]}}