{"id":2383,"date":"2025-01-29T19:35:48","date_gmt":"2025-01-29T19:35:48","guid":{"rendered":"https:\/\/llafrancrentaboat.com\/aviso-legal\/"},"modified":"2025-03-13T15:20:13","modified_gmt":"2025-03-13T15:20:13","slug":"aviso-legal","status":"publish","type":"page","link":"https:\/\/llafrancrentaboat.com\/es\/aviso-legal\/","title":{"rendered":"Aviso legal"},"content":{"rendered":"\t\t<div data-elementor-type=\"wp-page\" data-elementor-id=\"2383\" class=\"elementor elementor-2383 elementor-168\" data-elementor-post-type=\"page\">\n\t\t\t\t<div class=\"elementor-element elementor-element-4142e42 e-flex e-con-boxed e-con e-parent\" data-id=\"4142e42\" data-element_type=\"container\" data-e-type=\"container\">\n\t\t\t\t\t<div class=\"e-con-inner\">\n\t\t\t\t<div class=\"elementor-element elementor-element-0cc15bf elementor-widget elementor-widget-heading\" data-id=\"0cc15bf\" data-element_type=\"widget\" data-e-type=\"widget\" data-widget_type=\"heading.default\">\n\t\t\t\t<div class=\"elementor-widget-container\">\n\t\t\t\t\t<h2 class=\"elementor-heading-title elementor-size-default\">Aviso legal<\/h2>\t\t\t\t<\/div>\n\t\t\t\t<\/div>\n\t\t\t\t<div class=\"elementor-element elementor-element-8c11cce elementor-widget elementor-widget-text-editor\" data-id=\"8c11cce\" data-element_type=\"widget\" data-e-type=\"widget\" data-widget_type=\"text-editor.default\">\n\t\t\t\t<div class=\"elementor-widget-container\">\n\t\t\t\t\t\t\t\t\t<p>De conformidad con la Ley 34\/2002, de Servicios de la Sociedad de la Informaci\u00f3n y de Comercio Electr\u00f3nico, le informamos que esta web es titularidad de:<\/p><p>Identidad: Aiguablava N\u00e1utic Service, SL (en adelante \u201cEL TITULAR\u201d)<\/p><p>CIF: B55291041<\/p><p>Domicilio: c. Plat\u00f3n, 3 de Llafranc (17211): <\/p><h2 class=\"title3 titol text-uppercase\">PROPIEDAD INTELECTUAL E INDUSTRIAL<\/h2><p>Los contenidos de este sitio, incluyendo los textos, im\u00e1genes y dise\u00f1os gr\u00e1ficos, pertenecen a EL TITULAR, oa terceros que han autorizado su uso. EL TITULAR presenta estos contenidos con fines de informaci\u00f3n y promoci\u00f3n. EL TITULAR autoriza su utilizaci\u00f3n exclusivamente con estas finalidades. Cualquier utilizaci\u00f3n de estos dise\u00f1os, im\u00e1genes o textos deber\u00e1 citar expresamente su pertenencia a EL TITULAR, quien se reserva el derecho a iniciar las acciones legales oportunas para reparar los da\u00f1os y perjuicios causados \u200b\u200bpor cualquier acto que vulnere sus derechos de propiedad intelectual o industrial.   <\/p><h2 class=\"title3 titol text-uppercase\">EXCLUSI\u00d3N DE RESPONSABILIDAD<\/h2><p>EL TITULAR act\u00faa con la m\u00e1xima diligencia posible para que los datos y la informaci\u00f3n que ofrece en su sitio web est\u00e9 actualizado en todo momento, si bien no garantiza ni se hace responsable de la exactitud y actualizaci\u00f3n de los contenidos del sitio web, reserv\u00e1ndose el derecho a modificar estos contenidos en cualquier momento. EL TITULAR tampoco ser\u00e1 responsable de la informaci\u00f3n que puede obtenerse a trav\u00e9s de enlaces incluidos en el sitio web. <\/p><p>Las relaciones comerciales con los clientes se regir\u00e1n por las condiciones generales que, en su caso, se establezcan por EL TITULAR en un documento espec\u00edfico al efecto, o por los pactos concretos que puedan acordarse con los clientes.<\/p><h2 class=\"title3 titol text-uppercase\">CONDICIONES DE USO<\/h2><p>El uso de este sitio web implica la aceptaci\u00f3n plena de los t\u00e9rminos del presente aviso legal. Los posibles conflictos relativos a este sitio web se regir\u00e1n exclusivamente por el derecho del Estado Espa\u00f1ol. Toda persona usuaria de la web, independientemente de la jurisdicci\u00f3n territorial desde la que se produzca su acceso, acepta el cumplimiento y respeto de estas cl\u00e1usulas con renuncia expresa, sin perjuicio de los derechos que legalmente correspondan al usuario en caso de que \u00e9ste tenga la condici\u00f3n de consumidor.  <\/p>\t\t\t\t\t\t\t\t<\/div>\n\t\t\t\t<\/div>\n\t\t\t\t\t<\/div>\n\t\t\t\t<\/div>\n\t\t\t\t<\/div>\n\t\t","protected":false},"excerpt":{"rendered":"<p>De conformidad con la Ley 34\/2002, de Servicios de la Sociedad de la Informaci\u00f3n y de Comercio Electr\u00f3nico, le informamos que esta web es titularidad de: Identidad: Aiguablava N\u00e1utic Service, SL (en adelante \u201cEL TITULAR\u201d) CIF: B55291041 Domicilio: c. Plat\u00f3n, 3 de Llafranc (17211): PROPIEDAD INTELECTUAL E INDUSTRIAL Los contenidos de este sitio, incluyendo los [&hellip;]<\/p>\n","protected":false},"author":1,"featured_media":0,"parent":0,"menu_order":0,"comment_status":"closed","ping_status":"closed","template":"","meta":{"footnotes":""},"class_list":["post-2383","page","type-page","status-publish","hentry"],"_links":{"self":[{"href":"https:\/\/llafrancrentaboat.com\/es\/wp-json\/wp\/v2\/pages\/2383","targetHints":{"allow":["GET"]}}],"collection":[{"href":"https:\/\/llafrancrentaboat.com\/es\/wp-json\/wp\/v2\/pages"}],"about":[{"href":"https:\/\/llafrancrentaboat.com\/es\/wp-json\/wp\/v2\/types\/page"}],"author":[{"embeddable":true,"href":"https:\/\/llafrancrentaboat.com\/es\/wp-json\/wp\/v2\/users\/1"}],"replies":[{"embeddable":true,"href":"https:\/\/llafrancrentaboat.com\/es\/wp-json\/wp\/v2\/comments?post=2383"}],"version-history":[{"count":3,"href":"https:\/\/llafrancrentaboat.com\/es\/wp-json\/wp\/v2\/pages\/2383\/revisions"}],"predecessor-version":[{"id":2481,"href":"https:\/\/llafrancrentaboat.com\/es\/wp-json\/wp\/v2\/pages\/2383\/revisions\/2481"}],"wp:attachment":[{"href":"https:\/\/llafrancrentaboat.com\/es\/wp-json\/wp\/v2\/media?parent=2383"}],"curies":[{"name":"wp","href":"https:\/\/api.w.org\/{rel}","templated":true}]}}