{"id":2317,"date":"2025-03-13T13:02:03","date_gmt":"2025-03-13T13:02:03","guid":{"rendered":"https:\/\/llafrancrentaboat.com\/politique-de-cookies\/"},"modified":"2025-03-13T15:21:42","modified_gmt":"2025-03-13T15:21:42","slug":"politique-de-cookies","status":"publish","type":"page","link":"https:\/\/llafrancrentaboat.com\/fr\/politique-de-cookies\/","title":{"rendered":"Politique de cookies"},"content":{"rendered":"\t\t<div data-elementor-type=\"wp-page\" data-elementor-id=\"2317\" class=\"elementor elementor-2317 elementor-2300\" data-elementor-post-type=\"page\">\n\t\t\t\t<div class=\"elementor-element elementor-element-200bcd4 e-flex e-con-boxed e-con e-parent\" data-id=\"200bcd4\" data-element_type=\"container\" data-e-type=\"container\">\n\t\t\t\t\t<div class=\"e-con-inner\">\n\t\t\t\t<div class=\"elementor-element elementor-element-5216bc9 elementor-widget elementor-widget-text-editor\" data-id=\"5216bc9\" data-element_type=\"widget\" data-e-type=\"widget\" data-widget_type=\"text-editor.default\">\n\t\t\t\t<div class=\"elementor-widget-container\">\n\t\t\t\t\t\t\t\t\t<p data-start=\"203\" data-end=\"226\"><strong data-start=\"203\" data-end=\"226\">Politique de cookies<\/strong><\/p><p data-start=\"228\" data-end=\"313\"><strong data-start=\"228\" data-end=\"259\">Date d&#8217;entr\u00e9e en vigueur :<\/strong> 11 mars 2025<br data-start=\"271\" data-end=\"274\"> <strong data-start=\"274\" data-end=\"299\">Derni\u00e8re mise \u00e0 jour :<\/strong> 11-mars-2025<\/p><p data-start=\"315\" data-end=\"605\"> <br data-start=\"321\" data-end=\"324\"><strong data-start=\"324\" data-end=\"348\">Que sont les cookies ?<\/strong><br data-start=\"348\" data-end=\"351\">Cette politique de cookies explique ce que sont les cookies et comment nous les utilisons, les types de cookies que nous utilisons, c&#8217;est-\u00e0-dire les informations que nous collectons via eux et comment ces informations sont utilis\u00e9es, ainsi que la gestion des param\u00e8tres des cookies.<\/p><p data-start=\"607\" data-end=\"1020\">Les cookies sont de petits fichiers texte utilis\u00e9s pour stocker de petites quantit\u00e9s d&#8217;informations. Ils sont enregistr\u00e9s sur votre appareil lorsque le site Web se charge dans votre navigateur. Ces cookies nous aident \u00e0 faire fonctionner correctement le site Web, \u00e0 augmenter sa s\u00e9curit\u00e9, \u00e0 offrir une meilleure exp\u00e9rience utilisateur et \u00e0 comprendre les performances du site, ainsi qu&#8217;\u00e0 analyser ce qui fonctionne et o\u00f9 il doit \u00eatre am\u00e9lior\u00e9.  <\/p><p data-start=\"1022\" data-end=\"1335\"> <br data-start=\"1028\" data-end=\"1031\"><strong data-start=\"1031\" data-end=\"1062\">Comment utilisons-nous les cookies ?<\/strong><br data-start=\"1062\" data-end=\"1065\">Comme la plupart des services en ligne, notre site Web utilise des cookies propri\u00e9taires et tiers \u00e0 diverses fins. Les cookies propri\u00e9taires sont g\u00e9n\u00e9ralement n\u00e9cessaires au bon fonctionnement du site Web et ne collectent aucune donn\u00e9e personnellement identifiable. <\/p><p data-start=\"1337\" data-end=\"1686\">Les cookies tiers utilis\u00e9s sur notre site Web sont principalement utilis\u00e9s pour comprendre les performances du site, comment vous interagissez avec lui, assurer la s\u00e9curit\u00e9 de nos services, vous proposer des publicit\u00e9s pertinentes et, en g\u00e9n\u00e9ral, vous offrir une exp\u00e9rience utilisateur am\u00e9lior\u00e9e et acc\u00e9l\u00e9rer vos futures interactions avec le site.<\/p><p data-start=\"1688\" data-end=\"1731\"> <br data-start=\"1694\" data-end=\"1697\"><strong data-start=\"1697\" data-end=\"1731\">Types de cookies que nous utilisons<\/strong><\/p><p data-start=\"1733\" data-end=\"2062\"> <br data-start=\"1739\" data-end=\"1742\"><strong data-start=\"1742\" data-end=\"1782\">G\u00e9rer les pr\u00e9f\u00e9rences de cookies<\/strong><br data-start=\"1782\" data-end=\"1785\"><strong data-start=\"1785\" data-end=\"1812\">Param\u00e8tres des cookies<\/strong><br data-start=\"1812\" data-end=\"1815\"> Vous pouvez modifier vos pr\u00e9f\u00e9rences en mati\u00e8re de cookies \u00e0 tout moment en cliquant sur le bouton ci-dessus. Cela vous permettra d&#8217;acc\u00e9der \u00e0 nouveau \u00e0 la banni\u00e8re de consentement aux cookies pour modifier vos pr\u00e9f\u00e9rences ou retirer imm\u00e9diatement votre consentement. <\/p><p data-start=\"2064\" data-end=\"2406\">En outre, diff\u00e9rents navigateurs proposent diff\u00e9rentes m\u00e9thodes pour bloquer et supprimer les cookies utilis\u00e9s par les sites Web. Vous pouvez modifier les param\u00e8tres de votre navigateur pour bloquer ou supprimer les cookies. Vous trouverez ci-dessous des liens vers des documents d&#8217;assistance sur la fa\u00e7on de g\u00e9rer et de supprimer les cookies des principaux navigateurs Web&nbsp;:  <\/p><ul data-start=\"2408\" data-end=\"3257\"><li data-start=\"2408\" data-end=\"2522\"><strong data-start=\"2410\" data-end=\"2421\">Chrome :<\/strong> <a href=\"https:\/\/support.google.com\/accounts\/answer\/32050\" target=\"_new\" rel=\"noopener\" data-start=\"2422\" data-end=\"2522\">https:\/\/support.google.com\/accounts\/answer\/32050<\/a><\/li><li data-start=\"2523\" data-end=\"2657\"><strong data-start=\"2525\" data-end=\"2536\">Safari :<\/strong> <a href=\"https:\/\/support.apple.com\/en-in\/guide\/safari\/sfri11471\/mac\" target=\"_new\" rel=\"noopener\" data-start=\"2537\" data-end=\"2657\">https:\/\/support.apple.com\/fr-fr\/guide\/safari\/sfri11471\/mac<\/a><\/li><li data-start=\"2658\" data-end=\"2975\"><strong data-start=\"2660\" data-end=\"2672\">Firefox :<\/strong> <a href=\"https:\/\/support.mozilla.org\/en-US\/kb\/clear-cookies-and-site-data-firefox?redirectslug=delete-cookies-remove-info-websites-stored&amp;redirectlocale=en-US\" target=\"_new\" rel=\"noopener\" data-start=\"2673\" data-end=\"2975\">https:\/\/support.mozilla.org\/fr-FR\/kb\/effacer-les-cookies-et-les-donnees-de-site-firefox?redirectslug=supprimer-les-cookies-supprimer-les-informations-stockees-sur-les-sites-web&amp;redirectlocale=fr-FR<\/a><\/li><li data-start=\"2976\" data-end=\"3257\"><strong data-start=\"2978\" data-end=\"3000\">Internet Explorer :<\/strong> <a href=\"https:\/\/support.microsoft.com\/en-us\/topic\/how-to-delete-cookie-files-in-internet-explorer-bca9446f-d873-78de-77ba-d42645fa52fc\" target=\"_new\" rel=\"noopener\" data-start=\"3001\" data-end=\"3257\">https:\/\/support.microsoft.com\/fr-fr\/topic\/comment-supprimer-les-fichiers-cookies-dans-internet-explorer-bca9446f-d873-78de-77ba-d42645fa52fc<\/a><\/li><\/ul><p data-start=\"3259\" data-end=\"3357\">Si vous utilisez un autre navigateur, veuillez vous r\u00e9f\u00e9rer aux documents d&#8217;assistance officiels de votre navigateur.<\/p><p data-start=\"3359\" data-end=\"3441\" data-is-last-node=\"\" data-is-only-node=\"\"> <br data-start=\"3365\" data-end=\"3368\"><strong data-start=\"3368\" data-end=\"3441\" data-is-last-node=\"\">Politique de cookies g\u00e9n\u00e9r\u00e9e par CookieYes &#8211; G\u00e9n\u00e9rateur de politique de cookies.<\/strong><\/p>\t\t\t\t\t\t\t\t<\/div>\n\t\t\t\t<\/div>\n\t\t\t\t\t<\/div>\n\t\t\t\t<\/div>\n\t\t\t\t<\/div>\n\t\t","protected":false},"excerpt":{"rendered":"<p>Politique de cookies Date d&#8217;entr\u00e9e en vigueur : 11 mars 2025 Derni\u00e8re mise \u00e0 jour : 11-mars-2025 Que sont les cookies ?Cette politique de cookies explique ce que sont les cookies et comment nous les utilisons, les types de cookies que nous utilisons, c&#8217;est-\u00e0-dire les informations que nous collectons via eux et comment ces informations [&hellip;]<\/p>\n","protected":false},"author":1,"featured_media":0,"parent":0,"menu_order":0,"comment_status":"closed","ping_status":"closed","template":"","meta":{"footnotes":""},"class_list":["post-2317","page","type-page","status-publish","hentry"],"_links":{"self":[{"href":"https:\/\/llafrancrentaboat.com\/fr\/wp-json\/wp\/v2\/pages\/2317","targetHints":{"allow":["GET"]}}],"collection":[{"href":"https:\/\/llafrancrentaboat.com\/fr\/wp-json\/wp\/v2\/pages"}],"about":[{"href":"https:\/\/llafrancrentaboat.com\/fr\/wp-json\/wp\/v2\/types\/page"}],"author":[{"embeddable":true,"href":"https:\/\/llafrancrentaboat.com\/fr\/wp-json\/wp\/v2\/users\/1"}],"replies":[{"embeddable":true,"href":"https:\/\/llafrancrentaboat.com\/fr\/wp-json\/wp\/v2\/comments?post=2317"}],"version-history":[{"count":2,"href":"https:\/\/llafrancrentaboat.com\/fr\/wp-json\/wp\/v2\/pages\/2317\/revisions"}],"predecessor-version":[{"id":2323,"href":"https:\/\/llafrancrentaboat.com\/fr\/wp-json\/wp\/v2\/pages\/2317\/revisions\/2323"}],"wp:attachment":[{"href":"https:\/\/llafrancrentaboat.com\/fr\/wp-json\/wp\/v2\/media?parent=2317"}],"curies":[{"name":"wp","href":"https:\/\/api.w.org\/{rel}","templated":true}]}}