{"id":2352,"date":"2025-01-29T19:36:27","date_gmt":"2025-01-29T19:36:27","guid":{"rendered":"https:\/\/llafrancrentaboat.com\/politique-de-confidentialite-2\/"},"modified":"2025-03-13T17:33:18","modified_gmt":"2025-03-13T17:33:18","slug":"politique-de-confidentialite-2","status":"publish","type":"page","link":"https:\/\/llafrancrentaboat.com\/fr\/politique-de-confidentialite-2\/","title":{"rendered":"Politique de confidentialit\u00e9"},"content":{"rendered":"\t\t<div data-elementor-type=\"wp-page\" data-elementor-id=\"2352\" class=\"elementor elementor-2352 elementor-173\" data-elementor-post-type=\"page\">\n\t\t\t\t<div class=\"elementor-element elementor-element-4142e42 e-flex e-con-boxed e-con e-parent\" data-id=\"4142e42\" data-element_type=\"container\" data-e-type=\"container\">\n\t\t\t\t\t<div class=\"e-con-inner\">\n\t\t\t\t<div class=\"elementor-element elementor-element-0cc15bf elementor-widget elementor-widget-heading\" data-id=\"0cc15bf\" data-element_type=\"widget\" data-e-type=\"widget\" data-widget_type=\"heading.default\">\n\t\t\t\t<div class=\"elementor-widget-container\">\n\t\t\t\t\t<h2 class=\"elementor-heading-title elementor-size-default\">Politique de confidentialit\u00e9<\/h2>\t\t\t\t<\/div>\n\t\t\t\t<\/div>\n\t\t\t\t<div class=\"elementor-element elementor-element-8c11cce elementor-widget elementor-widget-text-editor\" data-id=\"8c11cce\" data-element_type=\"widget\" data-e-type=\"widget\" data-widget_type=\"text-editor.default\">\n\t\t\t\t<div class=\"elementor-widget-container\">\n\t\t\t\t\t\t\t\t\t<p>LE PROPRI\u00c9TAIRE s&#8217;engage \u00e0 prot\u00e9ger la confidentialit\u00e9 des utilisateurs qui acc\u00e8dent \u00e0 ce site Web et\/ou \u00e0 l&#8217;un de ses services. L&#8217;utilisation du site Web et\/ou de l&#8217;un des services offerts par LE PROPRI\u00c9TAIRE implique l&#8217;acceptation par l&#8217;utilisateur des dispositions contenues dans la pr\u00e9sente Politique de Confidentialit\u00e9 et que ses donn\u00e9es personnelles seront trait\u00e9es comme stipul\u00e9 dans celle-ci. Veuillez noter que m\u00eame s&#8217;il peut y avoir des liens depuis notre site Web vers d&#8217;autres sites Web, cette politique de confidentialit\u00e9 ne s&#8217;applique pas aux sites Web d&#8217;autres soci\u00e9t\u00e9s ou organisations vers lesquelles le site Web est redirig\u00e9. LE PROPRI\u00c9TAIRE ne contr\u00f4le pas le contenu des sites Web tiers et n&#8217;accepte aucun type de responsabilit\u00e9 quant au contenu ou aux politiques de confidentialit\u00e9 de ces sites Web.<\/p><h2 class=\"title3 titol \">Informations sur le traitement des donn\u00e9es (R\u00e8glement (UE) 2016\/679 et LO 3\/2018)<\/h2><ul class=\" \"><li><div class=\"cont\"><p><span class=\"text-bold \">Responsable du traitement :<\/span> LE PROPRI\u00c9TAIRE. Nos donn\u00e9es sont r\u00e9pertori\u00e9es dans les <a href=\"https:\/\/llafrancrentaboat.com\/fr\/mentions-legales\/\" target=\"_blank\" rel=\"noopener\">mentions l\u00e9gales<\/a> de ce site.<\/p><\/div><\/li><li><div class=\"cont\"><p><span class=\"text-bold \">Finalit\u00e9 du traitement :<\/span> Proposer et g\u00e9rer nos produits et\/ou services.<\/p><\/div><\/li><li><div class=\"cont\"><p><span class=\"text-bold \">L\u00e9gitimation :<\/span> Consentement obtenu aupr\u00e8s de l&#8217;int\u00e9ress\u00e9. Ex\u00e9cution du contrat de prestation de services.<\/p><\/div><\/li><li><div class=\"cont\"><p><span class=\"text-bold \">Destinataires :<\/span> Les donn\u00e9es ne seront pas communiqu\u00e9es \u00e0 des tiers, sauf si la loi l&#8217;exige ou si cela est n\u00e9cessaire pour respecter la finalit\u00e9 du traitement.<\/p><\/div><\/li><li><div class=\"cont\"><p><span class=\"text-bold \">Droits des personnes :<\/span> Les personnes int\u00e9ress\u00e9es ont le droit d&#8217;exercer les droits d&#8217;acc\u00e8s, de rectification, de limitation du traitement, de suppression, de portabilit\u00e9 et d&#8217;opposition, en adressant leur demande \u00e0 notre adresse.<\/p><\/div><\/li><li><div class=\"cont\"><p><span class=\"text-bold \">Dur\u00e9e de conservation des donn\u00e9es :<\/span> Tant que la relation commerciale est maintenue ou pendant les ann\u00e9es n\u00e9cessaires au respect des obligations l\u00e9gales.<\/p><\/div><\/li><li><div class=\"cont\"><p><span class=\"text-bold \">Plainte :<\/span> Les parties int\u00e9ress\u00e9es peuvent contacter l&#8217;AEPD pour d\u00e9poser la plainte qu&#8217;elles jugent appropri\u00e9e.<\/p><\/div><\/li><li><div class=\"cont\"><p><span class=\"text-bold \">Informations compl\u00e9mentaires :<\/span> Vous pouvez consulter des informations compl\u00e9mentaires et d\u00e9taill\u00e9es ci-dessous dans la section \u00ab Questions relatives \u00e0 la confidentialit\u00e9 \u00bb.<\/p><\/div><\/li><\/ul><h2 class=\"title3 titol text-uppercase\">Probl\u00e8mes de confidentialit\u00e9<\/h2><p>Conform\u00e9ment au R\u00e8glement (UE) 2016\/679 du Parlement europ\u00e9en et du Conseil du 27 avril 2016 (RGPD) et \u00e0 la Loi organique 3\/2018 du 5 d\u00e9cembre relative \u00e0 la protection des donn\u00e9es personnelles et \u00e0 la garantie des droits num\u00e9riques (LOPDGDD), nous vous proposons les informations suivantes sur le traitement de vos donn\u00e9es personnelles :<\/p><h3 class=\"title4 titol \">Qui est responsable du traitement de vos donn\u00e9es ?<\/h3><p>LE PROPRI\u00c9TAIRE.<br \/>Nos donn\u00e9es sont r\u00e9pertori\u00e9es dans les <a href=\"https:\/\/llafrancrentaboat.com\/fr\/mentions-legales\/\" target=\"_blank\" rel=\"noopener\">mentions l\u00e9gales<\/a> de ce site.<\/p><h3 class=\"title4 titol \">Dans quel but traitons-nous vos donn\u00e9es personnelles ?<\/h3><ul class=\" \"><li><div class=\"cont\"><p>Nous traitons les informations qui nous sont fournies pour fournir et facturer nos services et produits.<\/p><\/div><\/li><li><div class=\"cont\"><p>Si vous nous donnez votre consentement, nous pouvons \u00e9galement traiter vos donn\u00e9es pour vous envoyer des informations sur nos activit\u00e9s, services et produits.<\/p><\/div><\/li><li><div class=\"cont\"><p>Si vous participez \u00e0 l&#8217;un de nos tirages au sort et\/ou concours, nous publierons votre nom et pr\u00e9nom, ainsi que votre image, dans les diff\u00e9rents espaces et moyens de communication et de diffusion que nous utilisons, y compris les r\u00e9seaux sociaux, dans le but de promouvoir nos activit\u00e9s, services et produits.<\/p><\/div><\/li><\/ul><h3 class=\"title4 titol \">Combien de temps conserverons-nous vos donn\u00e9es ?<\/h3><p>Les donn\u00e9es personnelles fournies seront conserv\u00e9es tant que vous \u00eates utilisateur de nos services ou souhaitez recevoir des informations \u00e0 leur sujet, et si vous participez \u00e0 une promotion pendant qu&#8217;elle est active, puis pendant les p\u00e9riodes \u00e9tablies pour respecter nos obligations l\u00e9gales.<\/p><h3 class=\"title4 titol \">Quelle est la l\u00e9gitimit\u00e9 du traitement de vos donn\u00e9es ?<\/h3><p>La base juridique du traitement de vos donn\u00e9es est le consentement que vous nous donnez.<\/p><p>En ce qui concerne les informations qui nous sont transmises par des enfants de moins de 14 ans, il sera entendu que cela a \u00e9t\u00e9 fait avec le consentement de leurs repr\u00e9sentants l\u00e9gaux. Si tel n\u2019est pas le cas, le repr\u00e9sentant l\u00e9gal du mineur doit nous en informer d\u00e8s qu\u2019il en a connaissance.<\/p><h3 class=\"title4 titol \">\u00c0 quels destinataires vos donn\u00e9es seront-elles communiqu\u00e9es ?<\/h3><p>Les donn\u00e9es ne seront pas communiqu\u00e9es \u00e0 des tiers, sauf si la loi l&#8217;exige ou si cela est n\u00e9cessaire pour se conformer \u00e0 la finalit\u00e9 du traitement.<\/p><h3 class=\"title4 titol \">Quels sont vos droits lorsque vous nous fournissez vos donn\u00e9es ?<\/h3><ul class=\" \"><li><div class=\"cont\"><p>Toute personne a le droit d\u2019obtenir la confirmation que nous traitons ou non ses donn\u00e9es personnelles.<\/p><\/div><\/li><li><div class=\"cont\"><p>Les personnes int\u00e9ress\u00e9es ont le droit d&#8217;acc\u00e9der \u00e0 leurs donn\u00e9es personnelles, ainsi que de demander la rectification des donn\u00e9es inexactes ou, le cas \u00e9ch\u00e9ant, de demander leur suppression lorsque, entre autres raisons, les donn\u00e9es ne sont plus n\u00e9cessaires aux fins pour lesquelles elles ont \u00e9t\u00e9 collect\u00e9es.<\/p><\/div><\/li><li><div class=\"cont\"><p>Dans certaines circonstances, les parties int\u00e9ress\u00e9es peuvent demander la limitation du traitement de leurs donn\u00e9es, auquel cas nous ne les conserverons que pour l&#8217;exercice ou la d\u00e9fense de r\u00e9clamations.<\/p><\/div><\/li><li><div class=\"cont\"><p>En outre, dans certaines circonstances et pour des raisons li\u00e9es \u00e0 leur situation particuli\u00e8re, les personnes concern\u00e9es peuvent s\u2019opposer au traitement de leurs donn\u00e9es. Dans ce cas, nous cesserons de les traiter, sauf pour des raisons l\u00e9gitimes imp\u00e9rieuses ou pour l&#8217;exercice ou la d\u00e9fense d&#8217;\u00e9ventuelles r\u00e9clamations.<\/p><\/div><\/li><li><div class=\"cont\"><p>Les personnes int\u00e9ress\u00e9es ont \u00e9galement droit \u00e0 la portabilit\u00e9 de leurs donn\u00e9es.<\/p><\/div><\/li><li><div class=\"cont\"><p>Enfin, les parties int\u00e9ress\u00e9es ont le droit de d\u00e9poser une plainte aupr\u00e8s de l\u2019Autorit\u00e9 de Contr\u00f4le comp\u00e9tente.<\/p><\/div><\/li><\/ul><h3 class=\"title4 titol \">Comment pouvez-vous exercer vos droits ?<\/h3><p>En nous envoyant une lettre accompagn\u00e9e d&#8217;une copie d&#8217;un document vous identifiant, \u00e0 notre adresse physique ou par voie \u00e9lectronique.<\/p><p class=\"title4 titol text-bold \">Comment avons-nous obtenu vos donn\u00e9es ?<\/p><p>Les donn\u00e9es personnelles que nous traitons proviennent de l&#8217;int\u00e9ress\u00e9 lui-m\u00eame, qui garantit que les donn\u00e9es personnelles fournies sont vraies et est responsable de communiquer toute modification. Les donn\u00e9es marqu\u00e9es d&#8217;un ast\u00e9risque sont obligatoires pour pouvoir vous fournir le service demand\u00e9.<\/p><h3 class=\"title4 titol \">Quelles donn\u00e9es traitons-nous ?<\/h3><p>Les cat\u00e9gories de donn\u00e9es que nous pouvons traiter sont :<\/p><ul class=\" \"><li><div class=\"cont\"><p>Donn\u00e9es d&#8217;identification.<\/p><\/div><\/li><li><div class=\"cont\"><p>Adresses postales ou \u00e9lectroniques.<\/p><\/div><\/li><li><div class=\"cont\"><p>Autres donn\u00e9es demand\u00e9es dans nos formulaires.<\/p><\/div><\/li><\/ul><p>Les donn\u00e9es sont limit\u00e9es, puisque nous ne traitons que les donn\u00e9es n\u00e9cessaires \u00e0 la fourniture de nos services et \u00e0 la gestion de notre activit\u00e9.<\/p><h3 class=\"title4 titol \">Utilisons-nous des cookies ?<\/h3><p>Nous utilisons des cookies lors de la navigation sur notre site Web avec le consentement \u00e9clair\u00e9 de l&#8217;utilisateur. L&#8217;utilisateur peut configurer son navigateur pour \u00eatre inform\u00e9 de l&#8217;utilisation de cookies et pour \u00e9viter leur utilisation. Pour plus d&#8217;informations, visitez notre <a href=\"https:\/\/llafrancrentaboat.com\/ca\/politica-de-cookies\/\" target=\"_blank\" rel=\"noopener\">politique de cookies<\/a> .<\/p><h3 class=\"title4 titol \">Quelles mesures de s\u00e9curit\u00e9 appliquons-nous ?<\/h3><p>Nous appliquons les mesures de s\u00e9curit\u00e9 \u00e9tablies \u00e0 l&#8217;article 32 du RGPD, nous avons donc adopt\u00e9 les mesures de s\u00e9curit\u00e9 n\u00e9cessaires pour garantir un niveau de s\u00e9curit\u00e9 adapt\u00e9 au risque du traitement des donn\u00e9es que nous effectuons, avec des m\u00e9canismes qui nous permettent de garantir la confidentialit\u00e9, l&#8217;int\u00e9grit\u00e9, la disponibilit\u00e9 et la r\u00e9silience permanente des syst\u00e8mes et services de traitement.<\/p><p>Certaines de ces mesures sont les suivantes :<\/p><ul class=\" \"><li><div class=\"cont\"><p>Informations sur les politiques de traitement des donn\u00e9es \u00e0 destination du personnel.<\/p><\/div><\/li><li><div class=\"cont\"><p>Effectuer des sauvegardes r\u00e9guli\u00e8res.<\/p><\/div><\/li><li><div class=\"cont\"><p>Contr\u00f4le d&#8217;acc\u00e8s aux donn\u00e9es.<\/p><\/div><\/li><li><div class=\"cont\"><p>Processus r\u00e9guliers de v\u00e9rification, d\u2019\u00e9valuation et d\u2019appr\u00e9ciation.<\/p><\/div><\/li><\/ul>\t\t\t\t\t\t\t\t<\/div>\n\t\t\t\t<\/div>\n\t\t\t\t\t<\/div>\n\t\t\t\t<\/div>\n\t\t\t\t<\/div>\n\t\t","protected":false},"excerpt":{"rendered":"<p>LE PROPRI\u00c9TAIRE s&#8217;engage \u00e0 prot\u00e9ger la confidentialit\u00e9 des utilisateurs qui acc\u00e8dent \u00e0 ce site Web et\/ou \u00e0 l&#8217;un de ses services. L&#8217;utilisation du site Web et\/ou de l&#8217;un des services offerts par LE PROPRI\u00c9TAIRE implique l&#8217;acceptation par l&#8217;utilisateur des dispositions contenues dans la pr\u00e9sente Politique de Confidentialit\u00e9 et que ses donn\u00e9es personnelles seront trait\u00e9es comme [&hellip;]<\/p>\n","protected":false},"author":1,"featured_media":0,"parent":0,"menu_order":0,"comment_status":"closed","ping_status":"closed","template":"","meta":{"footnotes":""},"class_list":["post-2352","page","type-page","status-publish","hentry"],"_links":{"self":[{"href":"https:\/\/llafrancrentaboat.com\/fr\/wp-json\/wp\/v2\/pages\/2352","targetHints":{"allow":["GET"]}}],"collection":[{"href":"https:\/\/llafrancrentaboat.com\/fr\/wp-json\/wp\/v2\/pages"}],"about":[{"href":"https:\/\/llafrancrentaboat.com\/fr\/wp-json\/wp\/v2\/types\/page"}],"author":[{"embeddable":true,"href":"https:\/\/llafrancrentaboat.com\/fr\/wp-json\/wp\/v2\/users\/1"}],"replies":[{"embeddable":true,"href":"https:\/\/llafrancrentaboat.com\/fr\/wp-json\/wp\/v2\/comments?post=2352"}],"version-history":[{"count":3,"href":"https:\/\/llafrancrentaboat.com\/fr\/wp-json\/wp\/v2\/pages\/2352\/revisions"}],"predecessor-version":[{"id":2685,"href":"https:\/\/llafrancrentaboat.com\/fr\/wp-json\/wp\/v2\/pages\/2352\/revisions\/2685"}],"wp:attachment":[{"href":"https:\/\/llafrancrentaboat.com\/fr\/wp-json\/wp\/v2\/media?parent=2352"}],"curies":[{"name":"wp","href":"https:\/\/api.w.org\/{rel}","templated":true}]}}