{"id":2363,"date":"2025-01-29T19:35:48","date_gmt":"2025-01-29T19:35:48","guid":{"rendered":"https:\/\/llafrancrentaboat.com\/mentions-legales\/"},"modified":"2025-03-13T15:20:13","modified_gmt":"2025-03-13T15:20:13","slug":"mentions-legales","status":"publish","type":"page","link":"https:\/\/llafrancrentaboat.com\/fr\/mentions-legales\/","title":{"rendered":"Mentions l\u00e9gales"},"content":{"rendered":"\t\t<div data-elementor-type=\"wp-page\" data-elementor-id=\"2363\" class=\"elementor elementor-2363 elementor-168\" data-elementor-post-type=\"page\">\n\t\t\t\t<div class=\"elementor-element elementor-element-4142e42 e-flex e-con-boxed e-con e-parent\" data-id=\"4142e42\" data-element_type=\"container\" data-e-type=\"container\">\n\t\t\t\t\t<div class=\"e-con-inner\">\n\t\t\t\t<div class=\"elementor-element elementor-element-0cc15bf elementor-widget elementor-widget-heading\" data-id=\"0cc15bf\" data-element_type=\"widget\" data-e-type=\"widget\" data-widget_type=\"heading.default\">\n\t\t\t\t<div class=\"elementor-widget-container\">\n\t\t\t\t\t<h2 class=\"elementor-heading-title elementor-size-default\">Mentions l\u00e9gales<\/h2>\t\t\t\t<\/div>\n\t\t\t\t<\/div>\n\t\t\t\t<div class=\"elementor-element elementor-element-8c11cce elementor-widget elementor-widget-text-editor\" data-id=\"8c11cce\" data-element_type=\"widget\" data-e-type=\"widget\" data-widget_type=\"text-editor.default\">\n\t\t\t\t<div class=\"elementor-widget-container\">\n\t\t\t\t\t\t\t\t\t<p>Conform\u00e9ment \u00e0 la loi 34\/2002, relative aux services de la soci\u00e9t\u00e9 de l&#8217;information et au commerce \u00e9lectronique, nous vous informons que ce site Web appartient \u00e0 :<\/p><p>Identit\u00e9 : Aiguablava N\u00e0utic Service, SL (ci-apr\u00e8s \u00ab LE PROPRI\u00c9TAIRE \u00bb)<\/p><p>Num\u00e9ro d&#8217;identification fiscale : B55291041<\/p><p>Adresse : c. Platon, 3 Llafranc (17211) : <\/p><h2 class=\"title3 titol text-uppercase\">PROPRI\u00c9T\u00c9 INTELLECTUELLE ET INDUSTRIELLE<\/h2><p>Le contenu de ce site, y compris les textes, les images et les conceptions graphiques, appartient au PROPRI\u00c9TAIRE ou \u00e0 des tiers qui ont autoris\u00e9 leur utilisation. LE PROPRI\u00c9TAIRE pr\u00e9sente ce contenu \u00e0 des fins d&#8217;information et de promotion. LE PROPRI\u00c9TAIRE autorise son utilisation exclusivement \u00e0 ces fins. Toute utilisation de ces dessins, images ou textes doit citer express\u00e9ment leur appartenance au PROPRI\u00c9TAIRE, qui se r\u00e9serve le droit d&#8217;engager les actions l\u00e9gales appropri\u00e9es pour r\u00e9parer les dommages caus\u00e9s par tout acte violant ses droits de propri\u00e9t\u00e9 intellectuelle ou industrielle.   <\/p><h2 class=\"title3 titol text-uppercase\">EXCLUSION DE RESPONSABILIT\u00c9<\/h2><p>LE PROPRI\u00c9TAIRE agit avec la plus grande diligence possible pour que les donn\u00e9es et informations propos\u00e9es sur son site Web soient mises \u00e0 jour \u00e0 tout moment, bien qu&#8217;il ne garantisse ni n&#8217;accepte la responsabilit\u00e9 de l&#8217;exactitude et de la mise \u00e0 jour du contenu du site Web, se r\u00e9servant le droit de modifier ledit contenu \u00e0 tout moment. LE PROPRI\u00c9TAIRE ne sera pas non plus responsable des informations qui peuvent \u00eatre obtenues via les liens inclus sur le site Web. <\/p><p>Les relations commerciales avec les clients seront r\u00e9gies par les conditions g\u00e9n\u00e9rales qui, le cas \u00e9ch\u00e9ant, sont \u00e9tablies par LE PROPRI\u00c9TAIRE dans un document sp\u00e9cifique \u00e0 cet effet, ou par des accords sp\u00e9cifiques qui peuvent \u00eatre convenus avec les clients.<\/p><h2 class=\"title3 titol text-uppercase\">CONDITIONS D&#8217;UTILISATION<\/h2><p>L&#8217;utilisation de ce site Web implique l&#8217;acceptation pleine et enti\u00e8re des termes de la pr\u00e9sente notice l\u00e9gale. Les conflits \u00e9ventuels relatifs \u00e0 ce site Web seront r\u00e9gis exclusivement par la loi de l&#8217;\u00c9tat espagnol. Tout utilisateur du site Web, quelle que soit la juridiction territoriale \u00e0 partir de laquelle il acc\u00e8de, accepte l&#8217;accomplissement et le respect des pr\u00e9sentes clauses avec renonciation expresse, sans pr\u00e9judice des droits qui correspondent l\u00e9galement \u00e0 l&#8217;utilisateur dans le cas o\u00f9 il aurait la qualit\u00e9 de consommateur.  <\/p>\t\t\t\t\t\t\t\t<\/div>\n\t\t\t\t<\/div>\n\t\t\t\t\t<\/div>\n\t\t\t\t<\/div>\n\t\t\t\t<\/div>\n\t\t","protected":false},"excerpt":{"rendered":"<p>Conform\u00e9ment \u00e0 la loi 34\/2002, relative aux services de la soci\u00e9t\u00e9 de l&#8217;information et au commerce \u00e9lectronique, nous vous informons que ce site Web appartient \u00e0 : Identit\u00e9 : Aiguablava N\u00e0utic Service, SL (ci-apr\u00e8s \u00ab LE PROPRI\u00c9TAIRE \u00bb) Num\u00e9ro d&#8217;identification fiscale : B55291041 Adresse : c. Platon, 3 Llafranc (17211) : PROPRI\u00c9T\u00c9 INTELLECTUELLE ET INDUSTRIELLE [&hellip;]<\/p>\n","protected":false},"author":1,"featured_media":0,"parent":0,"menu_order":0,"comment_status":"closed","ping_status":"closed","template":"","meta":{"footnotes":""},"class_list":["post-2363","page","type-page","status-publish","hentry"],"_links":{"self":[{"href":"https:\/\/llafrancrentaboat.com\/fr\/wp-json\/wp\/v2\/pages\/2363","targetHints":{"allow":["GET"]}}],"collection":[{"href":"https:\/\/llafrancrentaboat.com\/fr\/wp-json\/wp\/v2\/pages"}],"about":[{"href":"https:\/\/llafrancrentaboat.com\/fr\/wp-json\/wp\/v2\/types\/page"}],"author":[{"embeddable":true,"href":"https:\/\/llafrancrentaboat.com\/fr\/wp-json\/wp\/v2\/users\/1"}],"replies":[{"embeddable":true,"href":"https:\/\/llafrancrentaboat.com\/fr\/wp-json\/wp\/v2\/comments?post=2363"}],"version-history":[{"count":2,"href":"https:\/\/llafrancrentaboat.com\/fr\/wp-json\/wp\/v2\/pages\/2363\/revisions"}],"predecessor-version":[{"id":2365,"href":"https:\/\/llafrancrentaboat.com\/fr\/wp-json\/wp\/v2\/pages\/2363\/revisions\/2365"}],"wp:attachment":[{"href":"https:\/\/llafrancrentaboat.com\/fr\/wp-json\/wp\/v2\/media?parent=2363"}],"curies":[{"name":"wp","href":"https:\/\/api.w.org\/{rel}","templated":true}]}}